{"id":879,"date":"2017-05-18T16:14:36","date_gmt":"2017-05-18T14:14:36","guid":{"rendered":"http:\/\/www.technoplast.fr\/ger\/?page_id=879"},"modified":"2021-05-28T12:14:03","modified_gmt":"2021-05-28T10:14:03","slug":"accueil","status":"publish","type":"page","link":"https:\/\/www.technoplast.fr\/ger\/","title":{"rendered":"Startseite"},"content":{"rendered":"<div class=\"wpb-content-wrapper\">[vc_row][vc_column][rev_slider_vc alias=\"home-slider\"][\/vc_column][\/vc_row][vc_row el_id=\"mainContent\"][vc_column][vc_row_inner el_class=\"container\" el_id=\"Home\"][vc_column_inner][vc_column_text el_class=\"firstText\"]\r\n<h1>Der franz\u00f6sische marktf\u00fchrer im bereich technisches thermoformen beim strangpressen<\/h1>\r\n<p class=\"general-description\">Dank ihrer 40j\u00e4hrigen Erfarung um Bereich der Kunststoffverarbeitung ist die Firma Technoplast Group das marktf\u00fchrende Unternehmen im Bereich technisches Thermoformen und ein wichtiger Partner aller Automobilhersteller,\r\n<span class=\"general-soustitle\">vom einfachsten Teil bis zu hochkomplexen Funktionen..<\/span><\/p>\r\n[\/vc_column_text][\/vc_column_inner][\/vc_row_inner][vc_row_inner el_id=\"Home\" el_class=\"container\"][vc_column_inner width=\"1\/2\"][vc_column_text el_class=\"market\"]\r\n<div class=\"title\">\r\n<h2><span class=\"red upper\">KUNSTSTOFF THERMOFORMEN<\/span>\r\n<a href=\"http:\/\/www.technoplast.fr\/ger\/m\u00e4rkte\/pkw-lkw-bus\">PKW \/ LKW \/ BUS<\/a><\/h2>\r\n<\/div>\r\n[\/vc_column_text][\/vc_column_inner][vc_column_inner width=\"1\/2\"][vc_column_text el_class=\"market\"]\r\n<div class=\"title\">\r\n<h2><span class=\"red upper\">KUNSTSTOFF THERMOFORMEN<\/span>\r\n<a href=\"http:\/\/www.technoplast.fr\/ger\/m\u00e4rkte\/hoch-und-tiefbau-landwirtschaft-handling\/\">HOCH- UND TIEFBAU \/ LANDWIRTSCHAFT \/ HANDLING<\/a><\/h2>\r\n<\/div>\r\n[\/vc_column_text][\/vc_column_inner][\/vc_row_inner][vc_row_inner el_id=\"Home\" el_class=\"container\"][vc_column_inner width=\"1\/2\"][vc_column_text el_class=\"market\"]\r\n<div class=\"title\">\r\n<h2><span class=\"red upper\">KUNSTSTOFF THERMOFORMEN<\/span>\r\n<a href=\"http:\/\/www.technoplast.fr\/ger\/m\u00e4rkte\/industrie-schienenfahrzeuge-luftfahrt\">INDUSTRIE \/ SCHIENENFAHRZEUGE \/ LUFTFAHRT<\/a><\/h2>\r\n<\/div>\r\n[\/vc_column_text][\/vc_column_inner][vc_column_inner width=\"1\/2\"][vc_column_text el_class=\"market\"]\r\n<div class=\"title\">\r\n<h2><span class=\"red upper\">KUNSTSTOFF THERMOFORMEN<\/span>\r\n<a href=\"http:\/\/www.technoplast.fr\/ger\/m\u00e4rkte\/medizintechnik-bauwesen-bauwesen\/\">MEDIZINTECHNIK \/ BAUWESEN \/ FREIZEIT \/ ...<\/a><\/h2>\r\n<\/div>\r\n[\/vc_column_text][\/vc_column_inner][\/vc_row_inner][vc_column_text el_class=\"accueil-image-title hidden-xs hidden-sm\"]\r\n<h2>Anwendungen\r\n<strong>Thermoformen<\/strong><\/h2>\r\n[\/vc_column_text][vc_row_inner el_class=\"container\" el_id=\"Home\"][vc_column_inner el_class=\"secondLine\" width=\"1\/2\"][vc_column_text]\r\n<h3>Technoplast, ein Unternehmen mit Kundenn\u00e4he<\/h3>\r\n[\/vc_column_text][vc_column_text]\r\n<div id=\"carteSiteProd\">\r\n\r\n<img decoding=\"async\" src=\"http:\/\/www.technoplast.fr\/ger\/wp-content\/uploads\/sites\/5\/2017\/05\/technoplast_industries_specialiste_thermoformage_carte_europe.png\" alt=\"Technoplast Industries \u2013 Sp\u00e9cialiste Thermoformage - Carte - Site de production\" id=\"carteDeFrance\" class=\"noBorder\" \/>\r\n<div id=\"slideMain\">\r\n<div id=\"siteTroyes\" class=\"siteProd\" data-link=\"http:\/\/www.technoplast.fr\/contact\">\r\n<p class=\"upper header\">Troyes (10000) <b class=\"caret\"><\/b><\/p>\r\n\r\n<\/div>\r\n<div id=\"sitePrecigne\" class=\"siteProd\" data-link=\"http:\/\/www.technoplast.fr\/contact\">\r\n<p class=\"upper header\">Pr\u00e9cign\u00e9 (72300) <b class=\"caret\"><\/b><\/p>\r\n\r\n<\/div>\r\n<\/div>\r\n<div id=\"slideTroyes\" class=\"slide\">\r\n<div class=\"mainBlockContent\">\r\n<h4 class=\"upper boldFont\">Rosi\u00e8res Thermoformage Industrie<\/h4>\r\nAvenue Gabriel Deheurles 10430 Rosi\u00e8res pr\u00e8s Troyes\r\n\r\n<img decoding=\"async\" src=\"http:\/\/www.technoplast.fr\/ger\/wp-content\/uploads\/sites\/5\/2017\/05\/technoplast_industries_specialiste_thermoformage_usine_rosiere.jpg\" alt=\"Technoplast Industries \u2013 Sp\u00e9cialiste Thermoformage - Usine Rosi\u00e8re\" class=\"hidden-xs hidden-sm\" \/>\r\n<p class=\"coord\">Tel : +33 (3) 25 71 51 71<\/p>\r\nMail : contact @ technoplast.fr\r\n<p class=\"location\"><span class=\"icon-location\"><\/span><a href=\"http:\/\/www.technoplast.fr\/contact\" class=\"upper\">lokalisieren<\/a><\/p>\r\n\r\n<\/div>\r\n<\/div>\r\n<div class=\"clear\"><\/div>\r\n<div id=\"slidePrecigne\" class=\"slide\">\r\n<div class=\"mainBlockContent\">\r\n<h4 class=\"upper mediumFont\">Pr\u00e9cign\u00e9 Thermoformage Industrie<\/h4>\r\nUsine de Malpaire 72300 Pr\u00e9cign\u00e9\r\n\r\n<img decoding=\"async\" src=\"http:\/\/www.technoplast.fr\/ger\/wp-content\/uploads\/sites\/5\/2017\/05\/technoplast_industries_specialiste_thermoformage_usine_precigne.jpg\" alt=\"Technoplast Industries \u2013 Sp\u00e9cialiste Thermoformage - Usine Pr\u00e9cigne\" class=\"hidden-xs hidden-sm\" \/>\r\n<p class=\"coord\">Tel : +33 (3) 25 71 51 71<\/p>\r\nMail : contact @ technoplast.fr\r\n<p class=\"location\"><span class=\"icon-location\"><\/span><a href=\"http:\/\/www.technoplast.fr\/contact\" class=\"upper\">lokalisieren<\/a><\/p>\r\n\r\n<\/div>\r\n<\/div>\r\n<div class=\"clear\"><\/div>\r\n<\/div>\r\n[\/vc_column_text][\/vc_column_inner][\/vc_row_inner][\/vc_column][\/vc_row]<\/div>","protected":false},"excerpt":{"rendered":"[vc_row][vc_column][rev_slider_vc alias=&#8220;home-slider&#8220;][\/vc_column][\/vc_row][vc_row el_id=&#8220;mainContent&#8220;][vc_column][vc_row_inner el_class=&#8220;container&#8220; el_id=&#8220;Home&#8220;][vc_column_inner][vc_column_text el_class=&#8220;firstText&#8220;] Der franz\u00f6sische marktf\u00fchrer im bereich technisches thermoformen beim strangpressen Dank ihrer 40j\u00e4hrigen Erfarung um Bereich der Kunststoffverarbeitung ist die Firma Technoplast Group das marktf\u00fchrende Unternehmen im Bereich technisches Thermoformen und ein wichtiger Partner aller Automobilhersteller, vom einfachsten Teil bis zu hochkomplexen Funktionen.. [\/vc_column_text][\/vc_column_inner][\/vc_row_inner][vc_row_inner el_id=&#8220;Home&#8220; el_class=&#8220;container&#8220;][vc_column_inner width=&#8220;1\/2&#8243;][vc_column_text el_class=&#8220;market&#8220;] KUNSTSTOFF THERMOFORMEN [&hellip;]","protected":false},"author":1,"featured_media":0,"parent":0,"menu_order":0,"comment_status":"closed","ping_status":"closed","template":"","meta":{"_vp_format_video_url":"","_vp_image_focal_point":[],"footnotes":""},"class_list":["post-879","page","type-page","status-publish","hentry"],"_links":{"self":[{"href":"https:\/\/www.technoplast.fr\/ger\/wp-json\/wp\/v2\/pages\/879","targetHints":{"allow":["GET"]}}],"collection":[{"href":"https:\/\/www.technoplast.fr\/ger\/wp-json\/wp\/v2\/pages"}],"about":[{"href":"https:\/\/www.technoplast.fr\/ger\/wp-json\/wp\/v2\/types\/page"}],"author":[{"embeddable":true,"href":"https:\/\/www.technoplast.fr\/ger\/wp-json\/wp\/v2\/users\/1"}],"replies":[{"embeddable":true,"href":"https:\/\/www.technoplast.fr\/ger\/wp-json\/wp\/v2\/comments?post=879"}],"version-history":[{"count":51,"href":"https:\/\/www.technoplast.fr\/ger\/wp-json\/wp\/v2\/pages\/879\/revisions"}],"predecessor-version":[{"id":1849,"href":"https:\/\/www.technoplast.fr\/ger\/wp-json\/wp\/v2\/pages\/879\/revisions\/1849"}],"wp:attachment":[{"href":"https:\/\/www.technoplast.fr\/ger\/wp-json\/wp\/v2\/media?parent=879"}],"curies":[{"name":"wp","href":"https:\/\/api.w.org\/{rel}","templated":true}]}}