{"id":1255,"date":"2017-05-31T13:57:12","date_gmt":"2017-05-31T11:57:12","guid":{"rendered":"http:\/\/www.technoplast.fr\/ger\/?page_id=1255"},"modified":"2017-06-13T10:19:07","modified_gmt":"2017-06-13T08:19:07","slug":"plan-du-site-technoplast-industries","status":"publish","type":"page","link":"https:\/\/www.technoplast.fr\/ger\/sitemap","title":{"rendered":"Sitemap"},"content":{"rendered":"<div class=\"wpb-content-wrapper\">[vc_row el_id=\"mainContent\"][vc_column][vc_column_text el_class=\"pageTitle\"]\r\n<div class=\"container\">\r\n<div class=\"path\">\r\n<h3>Sitemap<\/h3>\r\n<\/div>\r\n<\/div>\r\n[\/vc_column_text][vc_row_inner el_id=\"Sitemap\" el_class=\"container\"][vc_column_inner width=\"1\/2\"][vc_column_text el_class=\"col-xs-12\"]\r\n<h2 class=\"general-title\">Pages<\/h2>\r\n<ul>\r\n \t<li class=\"active\"><a href=\"http:\/\/www.technoplast.fr\/ger\">Startseite<\/a><\/li>\r\n \t<li><a href=\"#\">Die Firma<\/a>\r\n<ul class=\"subMenu\">\r\n \t<li><a href=\"http:\/\/www.technoplast.fr\/ger\/die-firma\/unternehmensvorstellung\">Unternehmensvorstellung<\/a><\/li>\r\n \t<li><a href=\"http:\/\/www.technoplast.fr\/ger\/die-firma\/fertigungsstandorte\">Fertigungsstandorte<\/a><\/li>\r\n \t<li><a href=\"http:\/\/www.technoplast.fr\/ger\/die-firma\/qualit\u00e4t\">Qualit\u00e4t<\/a><\/li>\r\n<\/ul>\r\n<\/li>\r\n \t<li><a href=\"#\">Know-how<\/a>\r\n<ul class=\"subMenu\">\r\n \t<li><a href=\"http:\/\/www.technoplast.fr\/ger\/know-how\/know-how\">Know-how<\/a><\/li>\r\n \t<li><a href=\"http:\/\/www.technoplast.fr\/ger\/know-how\/logistik\">Logistik<\/a><\/li>\r\n \t<li><a href=\"http:\/\/www.technoplast.fr\/ger\/know-how\/thermoformen\">Thermoformen<\/a><\/li>\r\n<\/ul>\r\n<\/li>\r\n \t<li><a href=\"#\">M\u00e4rkte<\/a>\r\n<ul class=\"subMenu\">\r\n \t<li><a href=\"http:\/\/www.technoplast.fr\/ger\/m\u00e4rkte\/pkw-lkw-bus\">PKW \/ LKW \/ Bus<\/a><\/li>\r\n \t<li><a href=\"http:\/\/www.technoplast.fr\/ger\/m\u00e4rkte\/hoch-und-tiefbau-landwirtschaft-handling\/\">Hoch- und Tiefbau \/ Landwirtschaft \/ Handling<\/a><\/li>\r\n \t<li><a href=\"http:\/\/www.technoplast.fr\/ger\/m\u00e4rkte\/industrie-schienenfahrzeuge-luftfahrt\">Industrie \/ Schienenfahrzeuge \/ Luftfahrt<\/a><\/li>\r\n \t<li><a href=\"http:\/\/www.technoplast.fr\/ger\/m\u00e4rkte\/medizintechnik-bauwesen-bauwesen\/\">Medizintechnik \/ Bauwesen \/ Freizeit \/ ...<\/a><\/li>\r\n<\/ul>\r\n<\/li>\r\n \t<li><a href=\"http:\/\/www.technoplast.fr\/actualites\/\">News<\/a><\/li>\r\n \t<li><a href=\"http:\/\/www.technoplast.fr\/ger\/kontakt\">Kontakt<\/a><\/li>\r\n \t<li><a href=\"http:\/\/www.technoplast.fr\/mentions-legales\">Impressum<\/a><\/li>\r\n \t<li><a href=\"http:\/\/www.technoplast.fr\/ger\/sitemap\">Sitemap<\/a><\/li>\r\n<\/ul>\r\n[\/vc_column_text][\/vc_column_inner][vc_column_inner width=\"1\/2\"][vc_column_text el_class=\"col-xs-12\"]<h2 class='general-title'>News<\/h2><ul class='news'><li><a href='https:\/\/www.technoplast.fr\/egaliteprofesionnelle2025'>Nouvelles donn\u00e9es pour 2025: index de l&#8217;\u00e9galit\u00e9 professionnelle chez TECHNOPLAST<\/a><\/li><li><a href='https:\/\/www.technoplast.fr\/regiongrandestsubvention'>L&#8217;Europe et la R\u00e9gion s&#8217;engagent pour TECHNOPLAST GROUP<\/a><\/li><li><a href='https:\/\/www.technoplast.fr\/gpi'>Audit GPI : un grand succ\u00e8s !<\/a><\/li><li><a href='https:\/\/www.technoplast.fr\/egaliteprofesionnelle'>D\u00e9couvrez l&#8217;index de l&#8217;\u00e9galit\u00e9 professionnelle chez TECHNOPLAST<\/a><\/li><li><a href='https:\/\/www.technoplast.fr\/blog\/joyeux-anniversaire-technoplast\/'>Joyeux Anniversaire TECHNOPLAST !<\/a><\/li><\/ul>[\/vc_column_text][\/vc_column_inner][\/vc_row_inner][\/vc_column][\/vc_row][vc_row][vc_column][vc_column_text]\r\n\r\n[\/vc_column_text][\/vc_column][\/vc_row]<\/div>","protected":false},"excerpt":{"rendered":"[vc_row el_id=&#8220;mainContent&#8220;][vc_column][vc_column_text el_class=&#8220;pageTitle&#8220;] Sitemap [\/vc_column_text][vc_row_inner el_id=&#8220;Sitemap&#8220; el_class=&#8220;container&#8220;][vc_column_inner width=&#8220;1\/2&#8243;][vc_column_text el_class=&#8220;col-xs-12&#8243;] Pages Startseite Die Firma Unternehmensvorstellung Fertigungsstandorte Qualit\u00e4t Know-how Know-how Logistik Thermoformen M\u00e4rkte PKW \/ LKW \/ Bus Hoch- und Tiefbau \/ Landwirtschaft \/ Handling Industrie \/ Schienenfahrzeuge \/ Luftfahrt Medizintechnik \/ Bauwesen \/ Freizeit \/ &#8230; News Kontakt Impressum Sitemap [\/vc_column_text][\/vc_column_inner][vc_column_inner width=&#8220;1\/2&#8243;][vc_column_text el_class=&#8220;col-xs-12&#8243;][\/vc_column_text][\/vc_column_inner][\/vc_row_inner][\/vc_column][\/vc_row][vc_row][vc_column][vc_column_text] [\/vc_column_text][\/vc_column][\/vc_row]","protected":false},"author":1,"featured_media":0,"parent":0,"menu_order":0,"comment_status":"closed","ping_status":"closed","template":"","meta":{"_vp_format_video_url":"","_vp_image_focal_point":[],"footnotes":""},"class_list":["post-1255","page","type-page","status-publish","hentry"],"_links":{"self":[{"href":"https:\/\/www.technoplast.fr\/ger\/wp-json\/wp\/v2\/pages\/1255","targetHints":{"allow":["GET"]}}],"collection":[{"href":"https:\/\/www.technoplast.fr\/ger\/wp-json\/wp\/v2\/pages"}],"about":[{"href":"https:\/\/www.technoplast.fr\/ger\/wp-json\/wp\/v2\/types\/page"}],"author":[{"embeddable":true,"href":"https:\/\/www.technoplast.fr\/ger\/wp-json\/wp\/v2\/users\/1"}],"replies":[{"embeddable":true,"href":"https:\/\/www.technoplast.fr\/ger\/wp-json\/wp\/v2\/comments?post=1255"}],"version-history":[{"count":20,"href":"https:\/\/www.technoplast.fr\/ger\/wp-json\/wp\/v2\/pages\/1255\/revisions"}],"predecessor-version":[{"id":1783,"href":"https:\/\/www.technoplast.fr\/ger\/wp-json\/wp\/v2\/pages\/1255\/revisions\/1783"}],"wp:attachment":[{"href":"https:\/\/www.technoplast.fr\/ger\/wp-json\/wp\/v2\/media?parent=1255"}],"curies":[{"name":"wp","href":"https:\/\/api.w.org\/{rel}","templated":true}]}}