{"id":879,"date":"2017-05-18T16:14:36","date_gmt":"2017-05-18T14:14:36","guid":{"rendered":"http:\/\/www.technoplast.fr\/es\/?page_id=879"},"modified":"2019-04-10T17:19:23","modified_gmt":"2019-04-10T15:19:23","slug":"accueil","status":"publish","type":"page","link":"https:\/\/www.technoplast.fr\/es\/","title":{"rendered":"Inicio"},"content":{"rendered":"<div class=\"wpb-content-wrapper\">[vc_row][vc_column][rev_slider_vc alias=\"home-slider\"][\/vc_column][\/vc_row][vc_row el_id=\"mainContent\"][vc_column][vc_row_inner el_class=\"container\" el_id=\"Home\"][vc_column_inner][vc_column_text el_class=\"firstText\"]\r\n<h1>L\u00cdDER FRANC\u00c9S EN TERMOFORMADO T\u00c9CNICO INTEGRADO EN EXTRUSI\u00d3N<\/h1>\r\n<p class=\"general-description\">ali\u00e9ndose de sus 40 a\u00f1os de experiencia en plasturgia,\r\nTechnoplast Group, l\u00edder en termoformado t\u00e9cnico, es el socio estrat\u00e9gico de todos los fabricantes,\r\n<span class=\"general-soustitle\">\"de la pieza m\u00e1s simple a los procedimientos m\u00e1s complejos\".<\/span><\/p>\r\n[\/vc_column_text][\/vc_column_inner][\/vc_row_inner][vc_row_inner el_id=\"Home\" el_class=\"container\"][vc_column_inner width=\"1\/2\"][vc_column_text el_class=\"market\"]\r\n<div class=\"title\">\r\n<h2><span class=\"red upper\">TERMOFORMADO PL\u00c1STICO<\/span>\r\n<a href=\"http:\/\/www.technoplast.fr\/es\/mercados\/automovil-camion-autocar\">AUTOM\u00d3VIL \/ CAMI\u00d3N \/ AUTOCAR<\/a><\/h2>\r\n<\/div>\r\n[\/vc_column_text][\/vc_column_inner][vc_column_inner width=\"1\/2\"][vc_column_text el_class=\"market\"]\r\n<div class=\"title\">\r\n<h2><span class=\"red upper\">TERMOFORMADO PL\u00c1STICO<\/span>\r\n<a href=\"http:\/\/www.technoplast.fr\/es\/mercados\/obra-publica-agricultura-manipulacion\/\">OBRA P\u00daBLICA \/ AGRICULTURA \/ MANIPULACI\u00d3N<\/a><\/h2>\r\n<\/div>\r\n[\/vc_column_text][\/vc_column_inner][\/vc_row_inner][vc_row_inner el_id=\"Home\" el_class=\"container\"][vc_column_inner width=\"1\/2\"][vc_column_text el_class=\"market\"]\r\n<div class=\"title\">\r\n<h2><span class=\"red upper\">TERMOFORMADO PL\u00c1STICO<\/span>\r\n<a href=\"http:\/\/www.technoplast.fr\/es\/mercados\/industria-ferroviaria-aeronautica\">INDUSTRIA \/ FERROVIARIA \/ AERON\u00c1UTICA<\/a><\/h2>\r\n<\/div>\r\n[\/vc_column_text][\/vc_column_inner][vc_column_inner width=\"1\/2\"][vc_column_text el_class=\"market\"]\r\n<div class=\"title\">\r\n<h2><span class=\"red upper\">TERMOFORMADO PL\u00c1STICO<\/span>\r\n<a href=\"http:\/\/www.technoplast.fr\/es\/mercados\/sector-medico-construccion-ocio\">SECTOR M\u00c9DICO \/ CONSTRUCCI\u00d3N \/ OCIO \/ ...<\/a><\/h2>\r\n<\/div>\r\n[\/vc_column_text][\/vc_column_inner][\/vc_row_inner][vc_column_text el_class=\"accueil-image-title hidden-xs hidden-sm\"]\r\n<h2>APLICACIONES\r\n<strong>TERMOFORMADO<\/strong><\/h2>\r\n[\/vc_column_text][vc_row_inner el_class=\"container\" el_id=\"Home\"][vc_column_inner el_class=\"secondLine\" width=\"1\/2\"][vc_column_text]\r\n<h3>Technoplast, siempre cerca de sus clientes<\/h3>\r\n[\/vc_column_text][vc_column_text]\r\n<div id=\"carteSiteProd\">\r\n\r\n<img decoding=\"async\" src=\"http:\/\/www.technoplast.fr\/es\/wp-content\/uploads\/sites\/4\/2017\/05\/technoplast_industries_specialiste_thermoformage_carte_europe.png\" alt=\"Technoplast Industries \u2013 Sp\u00e9cialiste Thermoformage - Carte - Site de production\" id=\"carteDeFrance\" class=\"noBorder\" \/>\r\n<div id=\"slideMain\">\r\n<div id=\"siteTroyes\" class=\"siteProd\" data-link=\"http:\/\/www.technoplast.fr\/contact\">\r\n<p class=\"upper header\">Troyes (10000) <b class=\"caret\"><\/b><\/p>\r\n\r\n<\/div>\r\n<div id=\"sitePrecigne\" class=\"siteProd\" data-link=\"http:\/\/www.technoplast.fr\/contact\">\r\n<p class=\"upper header\">Pr\u00e9cign\u00e9 (72300) <b class=\"caret\"><\/b><\/p>\r\n\r\n<\/div>\r\n<\/div>\r\n<div id=\"slideTroyes\" class=\"slide\">\r\n<div class=\"mainBlockContent\">\r\n<h4 class=\"upper boldFont\">Rosi\u00e8res Thermoformage Industrie<\/h4>\r\nAvenue Gabriel Deheurles 10430 Rosi\u00e8res pr\u00e8s Troyes\r\n\r\n<img decoding=\"async\" src=\"http:\/\/www.technoplast.fr\/es\/wp-content\/uploads\/sites\/4\/2017\/05\/technoplast_industries_specialiste_thermoformage_usine_rosiere.jpg\" alt=\"Technoplast Industries \u2013 Sp\u00e9cialiste Thermoformage - Usine Rosi\u00e8re\" class=\"hidden-xs hidden-sm\" \/>\r\n<p class=\"coord\">Tel : +33 (3) 25 71 51 71<\/p>\r\nMail : contact @ technoplast.fr\r\n<p class=\"location\"><span class=\"icon-location\"><\/span><a href=\"http:\/\/www.technoplast.fr\/contact\" class=\"upper\">\r\nlocalizar<\/a><\/p>\r\n\r\n<\/div>\r\n<\/div>\r\n<div class=\"clear\"><\/div>\r\n<div id=\"slidePrecigne\" class=\"slide\">\r\n<div class=\"mainBlockContent\">\r\n<h4 class=\"upper mediumFont\">Pr\u00e9cign\u00e9 Thermoformage Industrie<\/h4>\r\nUsine de Malpaire 72300 Pr\u00e9cign\u00e9\r\n\r\n<img decoding=\"async\" src=\"http:\/\/www.technoplast.fr\/es\/wp-content\/uploads\/sites\/4\/2017\/05\/technoplast_industries_specialiste_thermoformage_usine_precigne.jpg\" alt=\"Technoplast Industries \u2013 Sp\u00e9cialiste Thermoformage - Usine Pr\u00e9cigne\" class=\"hidden-xs hidden-sm\" \/>\r\n<p class=\"coord\">Tel : +33 (3) 25 71 51 71<\/p>\r\nMail : contact @ technoplast.fr\r\n<p class=\"location\"><span class=\"icon-location\"><\/span><a href=\"http:\/\/www.technoplast.fr\/contact\" class=\"upper\">\r\nlocalizar<\/a><\/p>\r\n\r\n<\/div>\r\n<\/div>\r\n<div class=\"clear\"><\/div>\r\n<\/div>\r\n[\/vc_column_text][\/vc_column_inner][vc_column_inner el_class=\"secondLine\" width=\"1\/2\"][vc_column_text el_class=\"secondLine\"]\r\n<h3>Noticias Termoformado TECHNOPLAST<\/h3>\r\n[\/vc_column_text][vc_column_text]<div class='technoplast-last-actus'><div class='technoplast-last-actus-single'><div class='technoplast-last-actus-single-thumb'><a href='https:\/\/www.technoplast.fr\/egaliteprofesionnelle2025'><img loading=\"lazy\" decoding=\"async\" width=\"488\" height=\"227\" src=\"https:\/\/www.technoplast.fr\/wp-content\/uploads\/2025\/03\/indice-egalite-2025-e1741620964419.png\" class=\"attachment-full size-full wp-post-image\" alt=\"\" srcset=\"https:\/\/www.technoplast.fr\/wp-content\/uploads\/2025\/03\/indice-egalite-2025-e1741620964419.png 488w, https:\/\/www.technoplast.fr\/wp-content\/uploads\/2025\/03\/indice-egalite-2025-e1741620964419-300x140.png 300w\" sizes=\"auto, (max-width: 488px) 100vw, 488px\" \/><\/a><\/div><div class='technoplast-last-actus-single-info'><h5><a href='https:\/\/www.technoplast.fr\/egaliteprofesionnelle2025'>Nouvelles donn\u00e9es pour 2025: index de l&#8217;\u00e9galit\u00e9 professionnelle chez TECHNOPLAST<\/a><\/h5><p>Ci-dessus le calcul des index de l'\u00e9galit\u00e9 professionnelle pour chacun des sites du groupe (donn\u00e9es...<\/p><a href='https:\/\/www.technoplast.fr\/egaliteprofesionnelle2025' class='technoplast-last-actus-single-btn'>Lee mas +<\/a><\/div><\/div><div class='technoplast-last-actus-single'><div class='technoplast-last-actus-single-thumb'><a href='https:\/\/www.technoplast.fr\/regiongrandestsubvention'><img loading=\"lazy\" decoding=\"async\" width=\"466\" height=\"156\" src=\"https:\/\/www.technoplast.fr\/wp-content\/uploads\/2025\/02\/logo-grand-est-.png\" class=\"attachment-full size-full wp-post-image\" alt=\"\" srcset=\"https:\/\/www.technoplast.fr\/wp-content\/uploads\/2025\/02\/logo-grand-est-.png 466w, https:\/\/www.technoplast.fr\/wp-content\/uploads\/2025\/02\/logo-grand-est--300x100.png 300w\" sizes=\"auto, (max-width: 466px) 100vw, 466px\" \/><\/a><\/div><div class='technoplast-last-actus-single-info'><h5><a href='https:\/\/www.technoplast.fr\/regiongrandestsubvention'>L&#8217;Europe et la R\u00e9gion s&#8217;engagent pour TECHNOPLAST GROUP<\/a><\/h5><p><\/p><a href='https:\/\/www.technoplast.fr\/regiongrandestsubvention' class='technoplast-last-actus-single-btn'>Lee mas +<\/a><\/div><\/div><div class='technoplast-last-actus-single'><div class='technoplast-last-actus-single-thumb'><a href='https:\/\/www.technoplast.fr\/gpi'><img loading=\"lazy\" decoding=\"async\" width=\"941\" height=\"524\" src=\"https:\/\/www.technoplast.fr\/wp-content\/uploads\/2024\/05\/AUDIT-GPI-03-05-2024.png\" class=\"attachment-full size-full wp-post-image\" alt=\"\" srcset=\"https:\/\/www.technoplast.fr\/wp-content\/uploads\/2024\/05\/AUDIT-GPI-03-05-2024.png 941w, https:\/\/www.technoplast.fr\/wp-content\/uploads\/2024\/05\/AUDIT-GPI-03-05-2024-300x167.png 300w, https:\/\/www.technoplast.fr\/wp-content\/uploads\/2024\/05\/AUDIT-GPI-03-05-2024-768x428.png 768w, https:\/\/www.technoplast.fr\/wp-content\/uploads\/2024\/05\/AUDIT-GPI-03-05-2024-500x278.png 500w, https:\/\/www.technoplast.fr\/wp-content\/uploads\/2024\/05\/AUDIT-GPI-03-05-2024-800x445.png 800w\" sizes=\"auto, (max-width: 941px) 100vw, 941px\" \/><\/a><\/div><div class='technoplast-last-actus-single-info'><h5><a href='https:\/\/www.technoplast.fr\/gpi'>Audit GPI : un grand succ\u00e8s !<\/a><\/h5><p>Technoplast Group vient de passer avec succ\u00e8s l'audit GPI (Granul\u00e9s Plastiques Industriels) : un engagement...<\/p><a href='https:\/\/www.technoplast.fr\/gpi' class='technoplast-last-actus-single-btn'>Lee mas +<\/a><\/div><\/div><div class='technoplast-last-actus-single'><div class='technoplast-last-actus-single-thumb'><a href='https:\/\/www.technoplast.fr\/egaliteprofesionnelle'><img loading=\"lazy\" decoding=\"async\" width=\"525\" height=\"475\" src=\"https:\/\/www.technoplast.fr\/wp-content\/uploads\/2024\/03\/INEGALITE.png\" class=\"attachment-full size-full wp-post-image\" alt=\"\" srcset=\"https:\/\/www.technoplast.fr\/wp-content\/uploads\/2024\/03\/INEGALITE.png 525w, https:\/\/www.technoplast.fr\/wp-content\/uploads\/2024\/03\/INEGALITE-300x271.png 300w, https:\/\/www.technoplast.fr\/wp-content\/uploads\/2024\/03\/INEGALITE-500x452.png 500w\" sizes=\"auto, (max-width: 525px) 100vw, 525px\" \/><\/a><\/div><div class='technoplast-last-actus-single-info'><h5><a href='https:\/\/www.technoplast.fr\/egaliteprofesionnelle'>D\u00e9couvrez l&#8217;index de l&#8217;\u00e9galit\u00e9 professionnelle chez TECHNOPLAST<\/a><\/h5><p>Ci-dessus le calcul des index de l'\u00e9galit\u00e9 professionnelle pour chacun des sites du groupe.<\/p><a href='https:\/\/www.technoplast.fr\/egaliteprofesionnelle' class='technoplast-last-actus-single-btn'>Lee mas +<\/a><\/div><\/div><\/div>[\/vc_column_text][\/vc_column_inner][\/vc_row_inner][\/vc_column][\/vc_row]<\/div>","protected":false},"excerpt":{"rendered":"[vc_row][vc_column][rev_slider_vc alias=\u00bbhome-slider\u00bb][\/vc_column][\/vc_row][vc_row el_id=\u00bbmainContent\u00bb][vc_column][vc_row_inner el_class=\u00bbcontainer\u00bb el_id=\u00bbHome\u00bb][vc_column_inner][vc_column_text el_class=\u00bbfirstText\u00bb] L\u00cdDER FRANC\u00c9S EN TERMOFORMADO T\u00c9CNICO INTEGRADO EN EXTRUSI\u00d3N ali\u00e9ndose de sus 40 a\u00f1os de experiencia en plasturgia, Technoplast Group, l\u00edder en termoformado t\u00e9cnico, es el socio estrat\u00e9gico de todos los fabricantes, \u00abde la pieza m\u00e1s simple a los procedimientos m\u00e1s complejos\u00bb. [\/vc_column_text][\/vc_column_inner][\/vc_row_inner][vc_row_inner el_id=\u00bbHome\u00bb el_class=\u00bbcontainer\u00bb][vc_column_inner width=\u00bb1\/2&#8243;][vc_column_text el_class=\u00bbmarket\u00bb] TERMOFORMADO PL\u00c1STICO AUTOM\u00d3VIL [&hellip;]","protected":false},"author":1,"featured_media":0,"parent":0,"menu_order":0,"comment_status":"closed","ping_status":"closed","template":"","meta":{"_vp_format_video_url":"","_vp_image_focal_point":[],"footnotes":""},"class_list":["post-879","page","type-page","status-publish","hentry"],"_links":{"self":[{"href":"https:\/\/www.technoplast.fr\/es\/wp-json\/wp\/v2\/pages\/879","targetHints":{"allow":["GET"]}}],"collection":[{"href":"https:\/\/www.technoplast.fr\/es\/wp-json\/wp\/v2\/pages"}],"about":[{"href":"https:\/\/www.technoplast.fr\/es\/wp-json\/wp\/v2\/types\/page"}],"author":[{"embeddable":true,"href":"https:\/\/www.technoplast.fr\/es\/wp-json\/wp\/v2\/users\/1"}],"replies":[{"embeddable":true,"href":"https:\/\/www.technoplast.fr\/es\/wp-json\/wp\/v2\/comments?post=879"}],"version-history":[{"count":50,"href":"https:\/\/www.technoplast.fr\/es\/wp-json\/wp\/v2\/pages\/879\/revisions"}],"predecessor-version":[{"id":1785,"href":"https:\/\/www.technoplast.fr\/es\/wp-json\/wp\/v2\/pages\/879\/revisions\/1785"}],"wp:attachment":[{"href":"https:\/\/www.technoplast.fr\/es\/wp-json\/wp\/v2\/media?parent=879"}],"curies":[{"name":"wp","href":"https:\/\/api.w.org\/{rel}","templated":true}]}}