{"id":1135,"date":"2017-05-30T09:00:30","date_gmt":"2017-05-30T07:00:30","guid":{"rendered":"http:\/\/www.technoplast.fr\/en\/?page_id=1135"},"modified":"2025-06-16T11:43:25","modified_gmt":"2025-06-16T09:43:25","slug":"contact","status":"publish","type":"page","link":"https:\/\/www.technoplast.fr\/en\/contact\/","title":{"rendered":"Contact"},"content":{"rendered":"<div class=\"wpb-content-wrapper\">[vc_row el_id=\"mainContent\"][vc_column el_class=\"Contact\"][vc_row_inner el_id=\"maps\"][vc_column_inner][vc_column_text]<iframe loading=\"lazy\" width=\"800\" height=\"600\" style=\"border: 0;\" class=\"map\" id=\"mapPrecigne\" src=\"https:\/\/www.google.com\/maps\/embed?pb=!1m14!1m8!1m3!1d5312.110217665336!2d4.049537!3d48.263314!3m2!1i1024!2i768!4f13.1!3m3!1m2!1s0x47ee99946abc023f%3A0xa043c89870ab37e2!2sAvenue+Gabriel+Deheurles%2C+10430+Rosi%C3%A8res-pr%C3%A9s-Troyes%2C+Ph%C3%A1p!5e0!3m2!1svi!2sfr!4v1496823728940\" frameborder=\"0\" allowfullscreen=\"allowfullscreen\"><\/iframe>\r\n\r\n<iframe loading=\"lazy\" width=\"800\" height=\"600\" style=\"border: 0;\" class=\"map\" id=\"mapRosiere\" src=\"https:\/\/www.google.com\/maps\/embed?pb=!1m14!1m8!1m3!1d10726.81486623517!2d-0.269744!3d47.767801!3m2!1i1024!2i768!4f13.1!3m3!1m2!1s0x48083e21f14a0fa3%3A0xdb906b2d2e61170b!2zVXNpbmUgZGUgTWFscGFpcmUsIDcyMzAwIFByw6ljaWduw6ksIFBow6Fw!5e0!3m2!1svi!2sfr!4v1496823112102\" frameborder=\"0\" allowfullscreen=\"allowfullscreen\"><\/iframe>[\/vc_column_text][\/vc_column_inner][\/vc_row_inner][vc_column_text el_class=\"container\"]\r\n<h1 class=\"upper\">Contact us<\/h1>\r\n[\/vc_column_text][vc_row_inner el_class=\"container\"][vc_column_inner el_class=\"infoMaps\" width=\"1\/2\"][vc_column_text css=\"\"]\r\n<h2 class=\"general-title\">Address<\/h2>\r\n<h3 class=\"upper\">Rosi\u00e8res Thermoformage Industries<\/h3>\r\n<button type=\"button\" class=\"btn btn-xs btn-danger\" data-map=\"2\">See the map<\/button>\r\n\r\nSales Management: <strong>Aur\u00e9lien Arnould<\/strong>\r\n\r\n<address>Avenue Gabriel Deheurles\r\n10430 <span class=\"upper\">ROSI\u00c8RE-PR\u00c8S-TROYES - France<\/span>\r\n<span class=\"boldFont\">\r\nPhone : + 33 (3) 25 71 51 71\r\nMail : <img decoding=\"async\" src=\"http:\/\/www.technoplast.fr\/en\/wp-content\/uploads\/sites\/3\/2017\/06\/technoplast_industries_specialiste_thermoformage_mail_contact.png\" alt=\"technoplast_industries_specialiste_thermoformage_mail_contact\" class=\"mail_image\" \/><\/span><\/address>\r\n<h3 class=\"upper\">Pr\u00e9cign\u00e9 Thermoformage Industries<\/h3>\r\n<button type=\"button\" class=\"btn btn-xs btn-danger\" data-map=\"1\">See the map<\/button>\r\n\r\nSales Management: <strong>Aur\u00e9lien Arnould<\/strong>\r\n\r\n<address>Usine de Malpaire\r\n72300 <span class=\"upper\">PR\u00c9CIGN\u00c9 - France<\/span>\r\n<span class=\"boldFont\">\r\nPhone : + 33 (3) 25 71 51 71\r\nMail : <img decoding=\"async\" src=\"http:\/\/www.technoplast.fr\/en\/wp-content\/uploads\/sites\/3\/2017\/06\/technoplast_industries_specialiste_thermoformage_mail_contact.png\" alt=\"technoplast_industries_specialiste_thermoformage_mail_contact\" class=\"mail_image\" \/> <\/span><\/address>[\/vc_column_text][\/vc_column_inner][vc_column_inner el_class=\"contactForm\" width=\"1\/2\"][vc_column_text]\r\n<h2 class=\"general-title\">E-mail<\/h2>\r\nPlease fill in all the fields below.\r\n\r\n\n<div class=\"wpcf7 no-js\" id=\"wpcf7-f1511-o1\" lang=\"fr-FR\" dir=\"ltr\" data-wpcf7-id=\"1511\">\n<div class=\"screen-reader-response\"><p role=\"status\" aria-live=\"polite\" aria-atomic=\"true\"><\/p> <ul><\/ul><\/div>\n<form action=\"\/en\/wp-json\/wp\/v2\/pages\/1135#wpcf7-f1511-o1\" method=\"post\" class=\"wpcf7-form init\" aria-label=\"Formulaire de contact\" novalidate=\"novalidate\" data-status=\"init\">\n<fieldset class=\"hidden-fields-container\"><input type=\"hidden\" name=\"_wpcf7\" value=\"1511\" \/><input type=\"hidden\" name=\"_wpcf7_version\" value=\"6.1.5\" \/><input type=\"hidden\" name=\"_wpcf7_locale\" value=\"fr_FR\" \/><input type=\"hidden\" name=\"_wpcf7_unit_tag\" value=\"wpcf7-f1511-o1\" \/><input type=\"hidden\" name=\"_wpcf7_container_post\" value=\"0\" \/><input type=\"hidden\" name=\"_wpcf7_posted_data_hash\" value=\"\" \/>\n<\/fieldset>\n<div class=\"wpcf7-turnstile cf-turnstile\" data-sitekey=\"0x4AAAAAABc4qc7baqJcK5jd\" data-response-field-name=\"_wpcf7_turnstile_response\"><\/div>\n\n<div class=\"row\">\n\t<div class=\"col-xs-12 col-md-6\">\n\t\t<div class=\"form-group\">\n\t\t\t<p><label for=\"inputCompany\">Company*<\/label><span class=\"wpcf7-form-control-wrap\" data-name=\"company\"><input size=\"40\" maxlength=\"400\" class=\"wpcf7-form-control wpcf7-text wpcf7-validates-as-required form-control\" id=\"inputCompany\" aria-required=\"true\" aria-invalid=\"false\" value=\"\" type=\"text\" name=\"company\" \/><\/span>\n\t\t\t<\/p>\n\t\t<\/div>\n\t\t<div class=\"form-group\">\n\t\t\t<p><label for=\"inputLName\">Name*<\/label><span class=\"wpcf7-form-control-wrap\" data-name=\"lname\"><input size=\"40\" maxlength=\"400\" class=\"wpcf7-form-control wpcf7-text wpcf7-validates-as-required form-control\" id=\"inputLName\" aria-required=\"true\" aria-invalid=\"false\" value=\"\" type=\"text\" name=\"lname\" \/><\/span>\n\t\t\t<\/p>\n\t\t<\/div>\n\t<\/div>\n\t<div class=\"col-xs-12 col-md-6\">\n\t\t<div class=\"form-group\">\n\t\t\t<p><label for=\"inputPhone\">Phone Number*<\/label><span class=\"wpcf7-form-control-wrap\" data-name=\"phone\"><input size=\"40\" maxlength=\"400\" class=\"wpcf7-form-control wpcf7-tel wpcf7-validates-as-required wpcf7-text wpcf7-validates-as-tel form-control\" id=\"inputPhone\" aria-required=\"true\" aria-invalid=\"false\" value=\"\" type=\"tel\" name=\"phone\" \/><\/span>\n\t\t\t<\/p>\n\t\t<\/div>\n\t\t<div class=\"form-group\">\n\t\t\t<p><label for=\"inputEmail\">Email*<\/label><span class=\"wpcf7-form-control-wrap\" data-name=\"email\"><input size=\"40\" maxlength=\"400\" class=\"wpcf7-form-control wpcf7-email wpcf7-validates-as-required wpcf7-text wpcf7-validates-as-email form-control\" id=\"inputEmail\" aria-required=\"true\" aria-invalid=\"false\" value=\"\" type=\"email\" name=\"email\" \/><\/span>\n\t\t\t<\/p>\n\t\t<\/div>\n\t<\/div>\n<\/div>\n<div class=\"clear\">\n<\/div>\n<div class=\"divider\">\n<\/div>\n<p><label for=\"inputSubject\">Subject*<\/label><span class=\"wpcf7-form-control-wrap\" data-name=\"subject\"><input size=\"40\" maxlength=\"400\" class=\"wpcf7-form-control wpcf7-text wpcf7-validates-as-required form-control\" id=\"inputSubject\" aria-required=\"true\" aria-invalid=\"false\" value=\"\" type=\"text\" name=\"subject\" \/><\/span><br \/>\n<label for=\"inputMessage\">Message*<\/label><span class=\"wpcf7-form-control-wrap\" data-name=\"message\"><textarea cols=\"40\" rows=\"10\" maxlength=\"2000\" class=\"wpcf7-form-control wpcf7-textarea wpcf7-validates-as-required form-control\" id=\"inputMessage\" aria-required=\"true\" aria-invalid=\"false\" name=\"message\"><\/textarea><\/span>\n<\/p>\n<p><input class=\"wpcf7-form-control wpcf7-submit has-spinner\" type=\"submit\" value=\"Envoyer\" \/>\n<\/p><input type='hidden' class='wpcf7-pum' value='{\"closepopup\":false,\"closedelay\":0,\"openpopup\":false,\"openpopup_id\":0}' \/><div class=\"wpcf7-response-output\" aria-hidden=\"true\"><\/div>\n<\/form>\n<\/div>\n[\/vc_column_text][\/vc_column_inner][\/vc_row_inner][\/vc_column][\/vc_row]<\/div>","protected":false},"excerpt":{"rendered":"[vc_row el_id=&#8221;mainContent&#8221;][vc_column el_class=&#8221;Contact&#8221;][vc_row_inner el_id=&#8221;maps&#8221;][vc_column_inner][vc_column_text] [\/vc_column_text][\/vc_column_inner][\/vc_row_inner][vc_column_text el_class=&#8221;container&#8221;] Contact us [\/vc_column_text][vc_row_inner el_class=&#8221;container&#8221;][vc_column_inner el_class=&#8221;infoMaps&#8221; width=&#8221;1\/2&#8243;][vc_column_text css=&#8221;&#8221;] Address Rosi\u00e8res Thermoformage Industries See the map Sales Management: Aur\u00e9lien Arnould Avenue Gabriel Deheurles 10430 ROSI\u00c8RE-PR\u00c8S-TROYES &#8211; France Phone : + 33 (3) 25 71 51 71 Mail : Pr\u00e9cign\u00e9 Thermoformage Industries See the map Sales Management: Aur\u00e9lien Arnould Usine de Malpaire [&hellip;]","protected":false},"author":1,"featured_media":0,"parent":0,"menu_order":0,"comment_status":"closed","ping_status":"closed","template":"","meta":{"_vp_format_video_url":"","_vp_image_focal_point":[],"footnotes":""},"class_list":["post-1135","page","type-page","status-publish","hentry"],"_links":{"self":[{"href":"https:\/\/www.technoplast.fr\/en\/wp-json\/wp\/v2\/pages\/1135","targetHints":{"allow":["GET"]}}],"collection":[{"href":"https:\/\/www.technoplast.fr\/en\/wp-json\/wp\/v2\/pages"}],"about":[{"href":"https:\/\/www.technoplast.fr\/en\/wp-json\/wp\/v2\/types\/page"}],"author":[{"embeddable":true,"href":"https:\/\/www.technoplast.fr\/en\/wp-json\/wp\/v2\/users\/1"}],"replies":[{"embeddable":true,"href":"https:\/\/www.technoplast.fr\/en\/wp-json\/wp\/v2\/comments?post=1135"}],"version-history":[{"count":4,"href":"https:\/\/www.technoplast.fr\/en\/wp-json\/wp\/v2\/pages\/1135\/revisions"}],"predecessor-version":[{"id":1903,"href":"https:\/\/www.technoplast.fr\/en\/wp-json\/wp\/v2\/pages\/1135\/revisions\/1903"}],"wp:attachment":[{"href":"https:\/\/www.technoplast.fr\/en\/wp-json\/wp\/v2\/media?parent=1135"}],"curies":[{"name":"wp","href":"https:\/\/api.w.org\/{rel}","templated":true}]}}